{"id":630,"date":"2025-02-04T14:09:54","date_gmt":"2025-02-04T14:09:54","guid":{"rendered":"https:\/\/disrupt-now.org\/?page_id=630"},"modified":"2025-10-14T13:26:37","modified_gmt":"2025-10-14T13:26:37","slug":"rechtliches","status":"publish","type":"page","link":"https:\/\/disrupt-now.org\/en\/rechtliches\/","title":{"rendered":"Legal support"},"content":{"rendered":"<h2 class=\"wp-block-heading\"><strong>We stand in solidarity! Nobody stays alone!<\/strong><\/h2>\n\n\n\n<p>Repression exists on many levels: from the pressure that may be exerted on you by relatives to police and legal measures against you. Regardless of the action, it makes sense to familiarise yourself with possible repression, be it state or civil, and to know the legal situation.<\/p>\n\n\n\n<p>We understand repression as a means of political pressure that we must oppose together.Repression is not always predictable and depends on the tactics and strategies of the repressive authorities. However, it remains clear that repression aims to isolate and intimidate. That is why it is important for us to emphasise this:<br><strong>We stand in solidarity! Nobody stays alone!<\/strong><\/p>\n\n\n\n<h2 class=\"wp-block-heading\">EA\/Legal Team for the Disrupt Food System Action Days 2025<\/h2>\n\n\n\n<p>During the campaign days there is a <strong>Investigation Committee (EA)<\/strong>. You can call here at any time if you or others are having stress with the police or other authorities.<\/p>\n\n\n\n<p><strong>EA telephone number: 0049 (0)30 340 603 13<\/strong><\/p>\n\n\n\n<p>Important: Never talk on the phone about what you (or others) have done, but only about what you are accused of.<\/p>\n\n\n\n<p>We recommend that you generate your personal EA number.<\/p>\n\n\n\n<p><strong><strong><a href=\"https:\/\/ea.disrupt-now.org\/\">EA Number Generator<\/a><\/strong><\/strong><\/p>\n\n\n\n<p>You can give this number to the EA on the phone instead of your name. This way, the EA can keep track of you and friends can use it to enquire about you. And you can then inform the EA that you are free again!<\/p>\n\n\n\n<p>Falls du vor der Aktion Fragen hast, oder nach der Aktion Post von Repressionsbeh\u00f6rden bekommst, egal welcher Art, dann melde dich bitte per Mail beim Legal Team: <a href=\"mailto:legalcare-disrupt25@systemli.org\">legalcare-disrupt25@systemli.org<\/a> Wir empfehlen Dir, deine Mails mit PGP zu verschl\u00fcsseln. Der \u00f6ffentliche PGP-Key ist auf <a href=\"https:\/\/keys.openpgp.org\/\">https:\/\/keys.openpgp.org\/<\/a> zu finden.<br><br>Und f\u00fcr den Fall, dass ihr von Polizei oder Verfassungschutz angesprochen werden solltet, denkt immer daran: <strong>Anna und Arthur halten\u2019s Maul<\/strong>: <strong>Keine<\/strong> <strong>Zusammenarbeit<\/strong> <strong>mit<\/strong> <strong>und<\/strong> <strong>keine<\/strong> <strong>Aussagen<\/strong> <strong>bei<\/strong> <strong>staatlichen<\/strong> <strong>Repressionsorganen!<\/strong><\/p>\n\n\n\n<div class=\"wp-block-file\"><a id=\"wp-block-file--media-97026e4a-f1ae-4256-b669-b576ecf05ca3\" href=\"https:\/\/disrupt-now.org\/wp-content\/uploads\/2025\/10\/abschluss_notizen_EA.pdf\">Abschlussbericht EA<\/a><a href=\"https:\/\/disrupt-now.org\/wp-content\/uploads\/2025\/10\/abschluss_notizen_EA.pdf\" class=\"wp-block-file__button wp-element-button\" download aria-describedby=\"wp-block-file--media-97026e4a-f1ae-4256-b669-b576ecf05ca3\">Download<\/a><\/div>\n\n\n<div class=\"lightweight-accordion bordered\"><details><summary class=\"lightweight-accordion-title\"><span><strong>Brosch\u00fcren<\/strong><\/span><\/summary><div class=\"lightweight-accordion-body\">\n\n<p>You will find many helpful brochures (e.g. on refusing to testify) <a href=\"https:\/\/rote-hilfe.de\/material\">here<\/a> bei unseren Friends von der Roten Hilfe.<\/p>\n\n\n\n<div class=\"wp-block-group is-vertical is-layout-flex wp-container-core-group-is-layout-fe9cc265 wp-block-group-is-layout-flex\">\n<div class=\"wp-block-file\"><a id=\"wp-block-file--media-8cefc38a-0027-4f0a-a93f-fbaa8608ad60\" href=\"https:\/\/disrupt-now.org\/wp-content\/uploads\/2025\/10\/20250110_Was_macht_Legal_Team_EA_DE_final.cleaned.pdf\">\u201eWas macht eigentlich ein EA?\u201c<\/a><a href=\"https:\/\/disrupt-now.org\/wp-content\/uploads\/2025\/10\/20250110_Was_macht_Legal_Team_EA_DE_final.cleaned.pdf\" class=\"wp-block-file__button wp-element-button\" download aria-describedby=\"wp-block-file--media-8cefc38a-0027-4f0a-a93f-fbaa8608ad60\">Download<\/a><\/div>\n\n\n\n<div class=\"wp-block-file\"><a id=\"wp-block-file--media-8d9cf038-f49b-4701-a636-50187906ccb7\" href=\"https:\/\/disrupt-now.org\/wp-content\/uploads\/2025\/10\/20250410_What_does_the_legal_team_do_EN_final.cleaned.pdf\">\u201eWhat does an EA do?\u201c<\/a><a href=\"https:\/\/disrupt-now.org\/wp-content\/uploads\/2025\/10\/20250410_What_does_the_legal_team_do_EN_final.cleaned.pdf\" class=\"wp-block-file__button wp-element-button\" download aria-describedby=\"wp-block-file--media-8d9cf038-f49b-4701-a636-50187906ccb7\">Download<\/a><\/div>\n\n\n\n<div class=\"wp-block-file\"><a id=\"wp-block-file--media-ba4cd19d-8869-4d41-8920-fa95443d1c12\" href=\"https:\/\/disrupt-now.org\/wp-content\/uploads\/2025\/10\/20251008_Broschuere_Bremen_Niedersachsen_DE.pdf\">Ausf\u00fchrliche Rechtshilfebrosch\u00fcre f\u00fcr Bremen und Niedersachsen<\/a><a href=\"https:\/\/disrupt-now.org\/wp-content\/uploads\/2025\/10\/20251008_Broschuere_Bremen_Niedersachsen_DE.pdf\" class=\"wp-block-file__button wp-element-button\" download aria-describedby=\"wp-block-file--media-ba4cd19d-8869-4d41-8920-fa95443d1c12\">Download<\/a><\/div>\n\n\n\n<div class=\"wp-block-file\"><a id=\"wp-block-file--media-8cefc38a-0027-4f0a-a93f-fbaa8608ad60\" href=\"https:\/\/disrupt-now.org\/wp-content\/uploads\/2025\/10\/disrupt_rechtsinfos_in_kuerze.cleaned.pdf\">&#8222;Rechtshilfe in K\u00fcrze&#8220; Rechtshilfebrosch\u00fcre<\/a><a href=\"https:\/\/disrupt-now.org\/wp-content\/uploads\/2025\/10\/disrupt_rechtsinfos_in_kuerze.cleaned.pdf\" class=\"wp-block-file__button wp-element-button\" download aria-describedby=\"wp-block-file--media-8cefc38a-0027-4f0a-a93f-fbaa8608ad60\">Download<\/a><\/div>\n<\/div>\n\n<\/div><\/details><\/div>\n\n<div class=\"lightweight-accordion bordered\"><details><summary class=\"lightweight-accordion-title\"><span><strong>Information from the EA on the special monitoring locations in Bremen<\/strong><\/span><\/summary><div class=\"lightweight-accordion-body\">\n\n<p>Whether it's a dangerous location, special checkpoints, or weapon-free zones, in these areas the police reserve the right to check people without concrete suspicion, record their personal details, and search them. Legally, there is little that can be done about this. Nevertheless, it makes sense to object to every measure and insist that this is recorded. The legality of the measure can also be reviewed in court afterwards. If you are checked on your way to the camp, please contact the EA \u2192 0049 (0)30 340 603 13.<\/p>\n\n\n\n<p>There are several special inspection locations in Bremen. You can find their exact locations here: <a href=\"https:\/\/www.polizei.bremen.de\/service\/besondere-kontrollorte-60366\">https:\/\/www.polizei.bremen.de\/service\/besondere-kontrollorte-60366<\/a><\/p>\n\n\n\n<p>Neither special checkpoints, nor expulsion orders, nor bans on certain areas may be used to prevent access to gatherings such as the Camp for Agricultural Change in Bremen, demonstrations, or vigils. Do not let yourselves be intimidated or deterred from exercising your fundamental right to freedom of assembly.<\/p>\n\n\n\n<p>Places such as so-called \u201cspecial control locations\u201d with restricted fundamental rights are used in many cities to get rid of undesirable people without causing too much of a stir. If there are such places in your city, at the train station from which you started your journey to the camp, organize yourselves and support those whose lives and health are endangered by racist and classist police actions.<\/p>\n\n<\/div><\/details><\/div>\n\n\n<h2 class=\"wp-block-heading\">Contact the legal team for the 2024 anti-Tesla campaign<\/h2>\n\n\n\n<p>If you receive mail from repressive authorities after actions of any kind, please contact the Legal Team immediately by e-mail.<br>Letters in particular have deadlines, e.g. for lodging an objection. It is therefore important to get in touch quickly.<br><br>Contact us by e-mail at <strong>legalcare24@systemausfall.org<\/strong><br>We recommend that you encrypt your mails with PGP. The public PGP key is available as a <a href=\"https:\/\/oldwp.disrupt-now.org\/wp-content\/uploads\/2024\/05\/legalcare24-legalcare24@systemausfall.org-0x092A631E92C5DEC8-public.asc\"><strong>here<\/strong><\/a> or here as a text block:<\/p>\n\n\n\n<details class=\"wp-block-details is-layout-flow wp-block-details-is-layout-flow\"><summary>PGP-Key<\/summary>\n<pre class=\"wp-block-code\"><code>-----BEGIN PGP PUBLIC KEY BLOCK-----\n\nxsDNBGYz0IoBDACxQYzW9mvY4NZ4iVIciPiRJjF06bFvr9ocLlEAh65NYPSLNdH3\nOuT5kUseC0YNdX5t7kh9+nKMZ8n7dYYFhv3SIDwMy3DBQ\/dCpPAMLaK5wqF7Fv7n\nbwvwxCUp2I2VTz+fpbdpfVgrEmBl9lLe74a7l5kz4Lm7suJUEDuAMIYHDvZQWJLK\n8pwlWJsbAmlvUPohJJK6YcOiQDNpaGb87Pxxo5\/9clk+IdM6BB\/RUwJA6h3oAatI\nbHD78U6065e3SWuAlUx\/wUWi4O7a0hnnroIG9Z5jyR29c9TqAQi7X+m8T+OsSjmB\nOF73idxsQhId7ov\/n\/hyBg1NCAfy9RGtNidbfIaXKQmrs829jnQCYw87vRmSUP3g\n5WMA9MRGaz0a\/PhcxXRO2+VLTC+FQxUdOljKb39xLN5dmjLx73angJtODcXxHzqN\nTYjHYATqKlWFET2yWv0xH45YFFUKDeo08I+Y7QlaQOU3zNey+fcfDOza4KFxOMq4\nbmXhkA2\/w9PJk5EAEQEAAc0rbGVnYWxjYXJlMjQgPGxlZ2FsY2FyZTI0QHN5c3Rl\nbWF1c2ZhbGwub3JnPsLBDQQTAQgANxYhBHRkBHGjE3k4ouzUlwkqYx6Sxd7IBQJm\nM9CLBQkFo5qAAhsDBAsJCAcFFQgJCgsFFgIDAQAACgkQCSpjHpLF3sgBBQwAjxW9\n7uPus9sFHglwU90m0WFX7RCOUznSSprs9lMadBkF+XHhe\/d50lPzjs+5jmwnrkTQ\nnOZdRuNPFRQ58pE5\/wNIqkjboM\/tRE46T6c6Q8PWfOoXeelXhO14IMOYjndIR3N8\nEPrkqU8gHi+51XjiJq9FAqtzsKBgFGiLEGZPq6i6\/KNf34mEDDhCfqOxqWjN8huX\nquCyDx4cY4qV+HLdTSVIbxk2QLxft86b3sHToq2rrmwpxlyRbgqtJImFAw3j2l5H\ndcd2VfFHmhmE2emS7LLdwMjXrhJQ2nls6GzR\/RehhoZXC1lhYKgfKGhLzJuCBv+e\njeuh2JU\/0+JVTI9BYLIb5oNtSy8+rxeCgWW\/P7U4M8M9X\/SQxbz1SbxMLurIG9fV\nU5ISlzSQtzhv+m3pedUVw0TaRW71TsvDEzGS015G9Qrzo7vBv8SjfC6obod5XSsB\nUhAcbHbxO2\/dc8nwqtdCc6E6AjpADRu7\/aOVDuNaLzHqc0\/QIMOlLMxeMPnZzsDN\nBGYz0IsBDADCxT+OjQLOqkMzuE\/vgO8zO94EcV0DyxBRh0PtZHdcT0\/js7RQeYcB\nl8xk9v5cIpEk6eu6xfMpA95tSKTmTyhS1Bzm865ujhPeteXePVnF+QVlhvVLq8Ip\niAFA5H0NMgupB8xkjdOoW\/UCQ6hwiX5vuYZG3We\/tV3qdeKlW+B5Wwr7ZgIw+UOK\n+zcyc5Jg9Y2M5ovhXFk3A7sZon0aYhbFmgvzXCtOEqsGckWeoaOP0gSUEqkbemT4\n7EnYhrc07GKtwwmBLS57da5Gx6gcx1AfGXhGhnztOs3U66BvXD\/EAlk3Ifq2t1d4\np8aYb\/5SfaIXiHDJUESXuVtibGkSVTiyTE6kDVfTDqKGFGkOTzENcx9RHrxT3sLx\nBqaUFCpJdbwTTNot6SJr0KsXx13LOV0HotTO41nQLnHa2CclMHgqedKM2hO2fBBL\nqjSWlBZrP85eb2vebAotQSmo28AFJMUZwgu4ztRp\/dT95EUQoDRYuy6ubwj\/mOHf\n874dYFbDZ6EAEQEAAcLA\/AQYAQgAJhYhBHRkBHGjE3k4ouzUlwkqYx6Sxd7IBQJm\nM9CMBQkFo5qAAhsMAAoJEAkqYx6Sxd7I9BUMAI+imsBryxe33nX3A8BrCPyXJiAs\nslksy79tRufGGoRbXAuEf2t9ksmQoB\/++lZVk\/bkr0cdXVwyf+1HkWpSeXXbNyta\nZM3POvm6KtG48LCyxbaNdsxfZTpwtf0E0dWUwV7cx3VdZ1PZiF9A21rPh8\/D+p6o\nmrJdrfdOadywdx+geK5VDdxY\/O5mGg3E7YSaM1n0WB5sf02sWO2EQ3P8teaGb69K\n74tfmCadA3EF1hi1ongkarC1LSEc3+sQVKkiAPV0c4ep\/QJb5VxTmF3OAe7rBc7+\nMYBni2Emze1iu+QlNnTFrNsjGGE2ccSnaYzc5qkejFLBjo7d7+5YjVQs0bXsBw\/T\n8sKLi+tqG52FZJl9u6dRf1mw0JJAeSlpipaZoHGUAbVZJu0n1EMYJfAvts5PC+Y2\nvu28bZuEaZEp2cvknVyoicLe4KKdFseUFhSfk+b9NzRNkZKhYGSOCQPJUjCoy1aI\nJ9jdf1qigIYVrsJhNEW7bKrETbFPzdDQnuyrKA==\n=8gQ\/\n-----END PGP PUBLIC KEY BLOCK-----<\/code><\/pre>\n<\/details>\n\n\n\n<p>You can also contact us via Element: @cat:systemausfall.org<\/p>\n\n\n\n<figure class=\"wp-block-image size-full is-resized\"><img loading=\"lazy\" decoding=\"async\" width=\"256\" height=\"256\" src=\"https:\/\/disrupt-now.org\/wp-content\/uploads\/2025\/03\/QR_Code_@cat_systemausfall.org_.png\" alt=\"\" class=\"wp-image-1214\" style=\"width:159px;height:auto\" srcset=\"https:\/\/disrupt-now.org\/wp-content\/uploads\/2025\/03\/QR_Code_@cat_systemausfall.org_.png 256w, https:\/\/disrupt-now.org\/wp-content\/uploads\/2025\/03\/QR_Code_@cat_systemausfall.org_-150x150.png 150w, https:\/\/disrupt-now.org\/wp-content\/uploads\/2025\/03\/QR_Code_@cat_systemausfall.org_-12x12.png 12w\" sizes=\"auto, (max-width: 256px) 100vw, 256px\" \/><\/figure>\n\n\n\n<p><\/p>","protected":false},"excerpt":{"rendered":"<p>Wir sind solidarisch! Keine Person bleibt allein! Repression gibt es auf vielen Ebenen: angefangen beim Druck, der unter Umst\u00e4nden durch Angeh\u00f6rige auf euch ausge\u00fcbt wird, bis hin zu polizeilichen und juristischen Ma\u00dfnahmen gegen euch. Egal bei welcher Aktion, es ist sinnvoll sich vorher mit m\u00f6glicher Repression, sei es staatliche oder zivilrechtliche, zu besch\u00e4ftigen und die [&hellip;]<\/p>\n","protected":false},"author":2,"featured_media":0,"parent":0,"menu_order":0,"comment_status":"closed","ping_status":"closed","template":"","meta":{"_themeisle_gutenberg_block_has_review":false,"footnotes":""},"class_list":["post-630","page","type-page","status-publish","hentry"],"blocksy_meta":[],"_links":{"self":[{"href":"https:\/\/disrupt-now.org\/en\/wp-json\/wp\/v2\/pages\/630","targetHints":{"allow":["GET"]}}],"collection":[{"href":"https:\/\/disrupt-now.org\/en\/wp-json\/wp\/v2\/pages"}],"about":[{"href":"https:\/\/disrupt-now.org\/en\/wp-json\/wp\/v2\/types\/page"}],"author":[{"embeddable":true,"href":"https:\/\/disrupt-now.org\/en\/wp-json\/wp\/v2\/users\/2"}],"replies":[{"embeddable":true,"href":"https:\/\/disrupt-now.org\/en\/wp-json\/wp\/v2\/comments?post=630"}],"version-history":[{"count":23,"href":"https:\/\/disrupt-now.org\/en\/wp-json\/wp\/v2\/pages\/630\/revisions"}],"predecessor-version":[{"id":2167,"href":"https:\/\/disrupt-now.org\/en\/wp-json\/wp\/v2\/pages\/630\/revisions\/2167"}],"wp:attachment":[{"href":"https:\/\/disrupt-now.org\/en\/wp-json\/wp\/v2\/media?parent=630"}],"curies":[{"name":"wp","href":"https:\/\/api.w.org\/{rel}","templated":true}]}}