{"id":501,"date":"2024-11-29T13:18:56","date_gmt":"2024-11-29T13:18:56","guid":{"rendered":"https:\/\/disrupt-now.org\/?page_id=501"},"modified":"2024-12-19T18:09:20","modified_gmt":"2024-12-19T18:09:20","slug":"aktion-machen","status":"publish","type":"page","link":"https:\/\/disrupt-now.org\/en\/mitmachen\/aktion-machen\/","title":{"rendered":"Do action"},"content":{"rendered":"<p>Disrupt is an association of various groups that maintain this website and social media channels and continuously work on various topics and mobilise for actions that are announced here. The various groups fight against all forms of domination for a good life for all.<\/p>\n\n\n\n<p>Disrupt is not just an association, but also an idea, a label.<strong> You can also take action in this sense and do not need the agreement of the association.<\/strong> The diversity of means used by disruption groups and all those who utilise this idea should complement each other. Whenever social change has been fought for, such as women's suffrage, the abolition of slavery, the 40-hour week, the coal phase-out or queer self-determination, this has been achieved with a mixture of demonstrations, petitions, symbolic and militant actions, mutual aid, strikes, boycotts and many other means.<\/p>\n\n\n\n<p>Actions do not have to be agreed with the association, have not been agreed so far and should not be communicated in advance to protect everyone. No one is responsible for the actions of others. If you organise an action <a href=\"https:\/\/disrupt-now.org\/en\/selbstverstandnis\/\" data-type=\"page\" data-id=\"459\">in the spirit of the idea of Disrupt<\/a> take the responsibility that comes with it seriously. Be open to feedback and, if necessary, to critical discussions following your actions. Everyone grants and enjoys a great leap of faith, which is why there should always be room for solidarity-based criticism. In addition to the self-conception, the following applies to all Disrupt actions: We do not endanger people.<\/p>\n\n\n\n<div style=\"height:30px\" aria-hidden=\"true\" class=\"wp-block-spacer\"><\/div>\n\n\n<div class=\"lightweight-accordion bordered\"><details><summary class=\"lightweight-accordion-title\"><span>You want to or have already done a Disrupt action?<\/span><\/summary><div class=\"lightweight-accordion-body\">\n\n<p>You can organise Disrupt campaigns and use our channels to do so by arrangement. If you have done an action, please send us pictures, text or videos and we will make a contribution. Please use the following form or send us an informal and, if necessary, encrypted e-mail to: presse@disrupt-now.org <a href=\"https:\/\/keys.openpgp.org\/vks\/v1\/by-fingerprint\/E7D77A2C795B608381F24D4FC279A455E44BCCA6\">(PGP Key)<\/a><\/p>\n\n\n<p>\n<div class=\"wpcf7 no-js\" id=\"wpcf7-f294-o1\" lang=\"en-US\" dir=\"ltr\" data-wpcf7-id=\"294\">\n<div class=\"screen-reader-response\"><p role=\"status\" aria-live=\"polite\" aria-atomic=\"true\"><\/p> <ul><\/ul><\/div>\n<form action=\"\/en\/wp-json\/wp\/v2\/pages\/501#wpcf7-f294-o1\" method=\"post\" class=\"wpcf7-form init\" aria-label=\"Contact form\" enctype=\"multipart\/form-data\" novalidate=\"novalidate\" data-status=\"init\" data-trp-original-action=\"\/en\/wp-json\/wp\/v2\/pages\/501#wpcf7-f294-o1\">\n<fieldset class=\"hidden-fields-container\"><input type=\"hidden\" name=\"_wpcf7\" value=\"294\" \/><input type=\"hidden\" name=\"_wpcf7_version\" value=\"6.1.5\" \/><input type=\"hidden\" name=\"_wpcf7_locale\" value=\"en_US\" \/><input type=\"hidden\" name=\"_wpcf7_unit_tag\" value=\"wpcf7-f294-o1\" \/><input type=\"hidden\" name=\"_wpcf7_container_post\" value=\"0\" \/><input type=\"hidden\" name=\"_wpcf7_posted_data_hash\" value=\"\" \/><input type=\"hidden\" name=\"_wpcf7cf_hidden_group_fields\" value=\"[]\" \/><input type=\"hidden\" name=\"_wpcf7cf_hidden_groups\" value=\"[]\" \/><input type=\"hidden\" name=\"_wpcf7cf_visible_groups\" value=\"[]\" \/><input type=\"hidden\" name=\"_wpcf7cf_repeaters\" value=\"[]\" \/><input type=\"hidden\" name=\"_wpcf7cf_steps\" value=\"{}\" \/><input type=\"hidden\" name=\"_wpcf7cf_options\" value=\"{&quot;form_id&quot;:294,&quot;conditions&quot;:[],&quot;settings&quot;:{&quot;animation&quot;:&quot;yes&quot;,&quot;animation_intime&quot;:200,&quot;animation_outtime&quot;:200,&quot;conditions_ui&quot;:&quot;normal&quot;,&quot;notice_dismissed&quot;:false}}\" \/>\n<\/fieldset>\n<p><label> Action title<br \/>\n<span class=\"wpcf7-form-control-wrap\" data-name=\"your-subject\"><input size=\"40\" maxlength=\"400\" class=\"wpcf7-form-control wpcf7-text wpcf7-validates-as-required\" aria-required=\"true\" aria-invalid=\"false\" value=\"\" type=\"text\" name=\"your-subject\" \/><\/span> <\/label>\n<\/p>\n<p><label> Contact (optional)<br \/>\n<span class=\"wpcf7-form-control-wrap\" data-name=\"your-email\"><input size=\"40\" maxlength=\"400\" class=\"wpcf7-form-control wpcf7-email wpcf7-text wpcf7-validates-as-email\" aria-invalid=\"false\" value=\"\" type=\"email\" name=\"your-email\" \/><\/span> <\/label>\n<\/p>\n<p><label> Text for the campaign<br \/>\n<span class=\"wpcf7-form-control-wrap\" data-name=\"your-message\"><textarea cols=\"40\" rows=\"10\" maxlength=\"2000\" class=\"wpcf7-form-control wpcf7-textarea wpcf7-validates-as-required\" aria-required=\"true\" aria-invalid=\"false\" name=\"your-message\"><\/textarea><\/span> <\/label>\n<\/p>\n<p><label> Files for the action (images etc.) (optional)<br \/>\n<span class=\"wpcf7-form-control-wrap\" data-name=\"your-file\"><input size=\"40\" class=\"wpcf7-form-control wpcf7-file\" accept=\"audio\/*,video\/*,image\/*\" aria-invalid=\"false\" type=\"file\" name=\"your-file\" \/><\/span> <\/label>\n<\/p>\n<p><input class=\"wpcf7-form-control wpcf7-submit has-spinner\" type=\"submit\" value=\"Send\" \/>\n<\/p><div class=\"wpcf7-response-output\" aria-hidden=\"true\"><\/div>\n<input type=\"hidden\" name=\"trp-form-language\" value=\"en\"\/><\/form>\n<\/div>\n<\/p>\n\n\n\n<div style=\"height:15px\" aria-hidden=\"true\" class=\"wp-block-spacer\"><\/div>\n\n<\/div><\/details><\/div>\n\n\n<div style=\"height:30px\" aria-hidden=\"true\" class=\"wp-block-spacer\"><\/div>\n\n\n\n<p><\/p>","protected":false},"excerpt":{"rendered":"<p>Disrupt ist ein Zusammenschluss von verschiedenen Gruppen, die diese Homepage und Social-Media-Kan\u00e4le betreuen und kontinuierlich zu verschiedenen Themenfeldern arbeiten und zu Aktionen mobilisieren, die hier angek\u00fcndigt werden. Die verschiedenen Gruppen k\u00e4mpfen gegen jede Form von Herrschaften f\u00fcr ein gutes Leben f\u00fcr alle. Disrupt ist aber nicht nur ein Zusammenschluss, sondern auch eine Idee, ein Label. [&hellip;]<\/p>\n","protected":false},"author":2,"featured_media":0,"parent":584,"menu_order":0,"comment_status":"closed","ping_status":"closed","template":"","meta":{"_themeisle_gutenberg_block_has_review":false,"footnotes":""},"class_list":["post-501","page","type-page","status-publish","hentry"],"blocksy_meta":[],"_links":{"self":[{"href":"https:\/\/disrupt-now.org\/en\/wp-json\/wp\/v2\/pages\/501","targetHints":{"allow":["GET"]}}],"collection":[{"href":"https:\/\/disrupt-now.org\/en\/wp-json\/wp\/v2\/pages"}],"about":[{"href":"https:\/\/disrupt-now.org\/en\/wp-json\/wp\/v2\/types\/page"}],"author":[{"embeddable":true,"href":"https:\/\/disrupt-now.org\/en\/wp-json\/wp\/v2\/users\/2"}],"replies":[{"embeddable":true,"href":"https:\/\/disrupt-now.org\/en\/wp-json\/wp\/v2\/comments?post=501"}],"version-history":[{"count":13,"href":"https:\/\/disrupt-now.org\/en\/wp-json\/wp\/v2\/pages\/501\/revisions"}],"predecessor-version":[{"id":604,"href":"https:\/\/disrupt-now.org\/en\/wp-json\/wp\/v2\/pages\/501\/revisions\/604"}],"up":[{"embeddable":true,"href":"https:\/\/disrupt-now.org\/en\/wp-json\/wp\/v2\/pages\/584"}],"wp:attachment":[{"href":"https:\/\/disrupt-now.org\/en\/wp-json\/wp\/v2\/media?parent=501"}],"curies":[{"name":"wp","href":"https:\/\/api.w.org\/{rel}","templated":true}]}}