{"id":275,"date":"2024-10-11T09:45:55","date_gmt":"2024-10-11T09:45:55","guid":{"rendered":"https:\/\/dev.disrupt-now.org\/?page_id=275"},"modified":"2024-10-11T09:46:53","modified_gmt":"2024-10-11T09:46:53","slug":"wer-sind-wir","status":"publish","type":"page","link":"https:\/\/disrupt-now.org\/en\/wer-sind-wir\/","title":{"rendered":"Who are we?"},"content":{"rendered":"<p><strong>Disrupt fights for the good life beyond capitalism<\/strong>. Because we know that today's crises cannot be solved in or with capitalism. Capitalism is the crisis. This fight against it begins here and now. We are creating the first building blocks for a good life for all - <strong>namely<\/strong> <strong>very concretely.<\/strong><\/p>\n\n\n\n<p>We want good, healthy food for everyone that comes from socially and ecologically just agriculture. We need a mobility system that enables good and free mobility for everyone and cities that are car-free. And we want decentralised and renewable solutions for energy generation that are geared towards local needs and global energy justice.<\/p>\n\n\n\n<p>Dabei sind diese drei Themen: Landwirtschaft, Mobilit\u00e4t und Energie, nur die ersten Schritte hin zum guten Leben. Viele weitere Themen k\u00f6nnen und m\u00fcssen dem folgen. Wir wissen auch um die starken Kr\u00e4fte innerhalb von Staat und Kapital, an diesem ausbeuterischen System festzuhalten. Doch unser Wille f\u00fcr eine befreite Gesellschaft ist ungebrochen. Deshalb k\u00e4mpfen wir unerm\u00fcdlich gegen Staat, Kapital, Neokolonialismus und Ausbeutung. Wir stellen uns den stromfressenden Industrien, den Agrar- und Futtermittelindustrien, sowie dem System Auto entschlossen entgegen. Zu den Themenschwerpunkten<\/p>\n\n\n\n<p>As Disrupt, we have a lot planned for the near future: You will experience Disrupt at various actions against fossil fuels in autumn 2024 as well as on a bike tour in spring 2025 for a fair agricultural system. Whether at the A100 motorway, against Tesla or at the IAA motor show, we will oppose the false ideas of motorised private transport with our vision of sustainable mobility for all.<\/p>\n\n\n\n<p>We will once again oppose the neo-colonial exploitation of people and the environment en masse and in many different ways at various locations. Preparations are underway. Be there. Let's shape a future worth living beyond capitalism! <strong>Therefore: disrupt capitalism, create the future<\/strong>! Now: <a href=\"https:\/\/dev.disrupt-now.org\/contact\/\" data-type=\"page\" data-id=\"89\">Join us<\/a>!<\/p>\n\n\n\n<p><\/p>\n\n\n\n<p><\/p>","protected":false},"excerpt":{"rendered":"<p>Disrupt k\u00e4mpft f\u00fcr das gute Leben jenseits des Kapitalismus. Denn wir wissen, die heutigen Krisen lassen sich weder im, noch mit dem Kapitalismus l\u00f6sen. Der Kapitalismus ist die Krise. Dieser Kampf dagegen beginnt jetzt und hier. Wir gestalten erste Bausteine f\u00fcr ein gutes Leben f\u00fcr alle \u2013 und zwar ganz konkret. Wir wollen gutes und [&hellip;]<\/p>\n","protected":false},"author":1,"featured_media":0,"parent":0,"menu_order":0,"comment_status":"closed","ping_status":"closed","template":"","meta":{"_themeisle_gutenberg_block_has_review":false,"footnotes":""},"class_list":["post-275","page","type-page","status-publish","hentry"],"blocksy_meta":[],"_links":{"self":[{"href":"https:\/\/disrupt-now.org\/en\/wp-json\/wp\/v2\/pages\/275","targetHints":{"allow":["GET"]}}],"collection":[{"href":"https:\/\/disrupt-now.org\/en\/wp-json\/wp\/v2\/pages"}],"about":[{"href":"https:\/\/disrupt-now.org\/en\/wp-json\/wp\/v2\/types\/page"}],"author":[{"embeddable":true,"href":"https:\/\/disrupt-now.org\/en\/wp-json\/wp\/v2\/users\/1"}],"replies":[{"embeddable":true,"href":"https:\/\/disrupt-now.org\/en\/wp-json\/wp\/v2\/comments?post=275"}],"version-history":[{"count":4,"href":"https:\/\/disrupt-now.org\/en\/wp-json\/wp\/v2\/pages\/275\/revisions"}],"predecessor-version":[{"id":281,"href":"https:\/\/disrupt-now.org\/en\/wp-json\/wp\/v2\/pages\/275\/revisions\/281"}],"wp:attachment":[{"href":"https:\/\/disrupt-now.org\/en\/wp-json\/wp\/v2\/media?parent=275"}],"curies":[{"name":"wp","href":"https:\/\/api.w.org\/{rel}","templated":true}]}}