{"id":199,"date":"2024-09-15T12:52:22","date_gmt":"2024-09-15T12:52:22","guid":{"rendered":"https:\/\/dis4test.uber.space\/?page_id=199"},"modified":"2024-09-28T16:29:50","modified_gmt":"2024-09-28T16:29:50","slug":"datenschutz","status":"publish","type":"page","link":"https:\/\/disrupt-now.org\/en\/datenschutz\/","title":{"rendered":"Privacy"},"content":{"rendered":"<p>Wir f\u00fchlen uns nicht verpflichtet, hier eine \u201erechtskonforme\u201c Datenschutzerkl\u00e4rung abzugeben, da diese nach unserer Meinung h\u00e4ufig nur dazu dient, die Benutzer*innen einer Webseite davon abzuhalten zu verstehen, was wirklich mit ihren Daten passiert.<\/p>\n\n\n\n<p>Wir wollen, dass ihr nachvollziehen k\u00f6nnt, was mit euren Daten geschieht, und wann diese erhoben werden. Das wird leider meist sehr technisch. Wir hoffen, dass ihr euch das ggf. erkl\u00e4ren lassen k\u00f6nnt \u2013 oder fragt bei uns nach. Wer verst\u00e4ndlichere Erkl\u00e4rungen verfassen kann, wende sich auch gerne an uns!<\/p>\n\n\n\n<h3 class=\"wp-block-heading\">Formulare<\/h3>\n\n\n\n<p>Auf dieser Homepage findest du regelm\u00e4\u00dfig Anmeldeformulare z.B. f\u00fcr B\u00fcndnistreffen aber auch f\u00fcr andere Organisations- , Planungs- oder Skillsharetreffen. Je nach Anliegen wirst du gebeten \u00fcber diese Formulare Informationen \u00fcber dich und besonders deine Teilnahme (\u00dcbernachtungen, Allergien etc.) anzugeben um die Planung zu erleichtern. Deine angegebenen Daten werden nur auf unserem Server gespeichert bzw. an die Endnutzer*innen (die Veranstalter*innen des jeweiligen Treffens) weitergegeben. Nachdem die Anmeldephase abgeschlossen ist, l\u00f6schen wir die Daten zeitnah von unserem Server. Von diesen Daten werden zudem zu keinem Zeitpunkt Backups gemacht.<\/p>\n\n\n\n<p>Wenn dein Klarname nicht in Verbindung mit der Anmeldung bzw. auf der jeweiligen Veranstaltung auftauchen soll, dann kannst du dich nat\u00fcrlich immer mit einem Alias und einer entsprechenden Emailadresse anmelden.<\/p>\n\n\n\n<h3 class=\"wp-block-heading\">Logdateien des Webservers<\/h3>\n\n\n\n<p>Der Server, auf dem unsere Seite sich befindet, erhebt und speichert automatisch Informationen in so genannten Server-Log Files, die dein Browser automatisch an uns \u00fcbermittelt. Diese Daten beinhalten z. B. den Browsertyp und -version, verwendetes Betriebssystem, Referrer URL (die zuvor besuchte Seite), IP-Adresse des anfragenden Rechners, Zugriffsdatum und -uhrzeit der Serveranfrage und die Dateianfrage des Client (Dateiname und URL).<\/p>\n\n\n\n<p>Diese Daten werden nur im Ausnahmefall&nbsp;zur Fehlersuche durch die Administrator*innen benutzt und sind nicht bestimmten Personen zuordenbar. Eine Zusammenf\u00fchrung dieser Daten mit anderen Datenquellen wird nicht vorgenommen. Eine Weitergabe der Daten an Dritte findet nicht statt. Diese Logdateien werden max 14 Tage gespeichert und danach automatisch gel\u00f6scht.<\/p>","protected":false},"excerpt":{"rendered":"<p>Wir f\u00fchlen uns nicht verpflichtet, hier eine \u201erechtskonforme\u201c Datenschutzerkl\u00e4rung abzugeben, da diese nach unserer Meinung h\u00e4ufig nur dazu dient, die Benutzer*innen einer Webseite davon abzuhalten zu verstehen, was wirklich mit ihren Daten passiert. Wir wollen, dass ihr nachvollziehen k\u00f6nnt, was mit euren Daten geschieht, und wann diese erhoben werden. Das wird leider meist sehr technisch. [&hellip;]<\/p>\n","protected":false},"author":1,"featured_media":0,"parent":0,"menu_order":0,"comment_status":"closed","ping_status":"closed","template":"","meta":{"_themeisle_gutenberg_block_has_review":false,"footnotes":""},"class_list":["post-199","page","type-page","status-publish","hentry"],"blocksy_meta":[],"_links":{"self":[{"href":"https:\/\/disrupt-now.org\/en\/wp-json\/wp\/v2\/pages\/199","targetHints":{"allow":["GET"]}}],"collection":[{"href":"https:\/\/disrupt-now.org\/en\/wp-json\/wp\/v2\/pages"}],"about":[{"href":"https:\/\/disrupt-now.org\/en\/wp-json\/wp\/v2\/types\/page"}],"author":[{"embeddable":true,"href":"https:\/\/disrupt-now.org\/en\/wp-json\/wp\/v2\/users\/1"}],"replies":[{"embeddable":true,"href":"https:\/\/disrupt-now.org\/en\/wp-json\/wp\/v2\/comments?post=199"}],"version-history":[{"count":2,"href":"https:\/\/disrupt-now.org\/en\/wp-json\/wp\/v2\/pages\/199\/revisions"}],"predecessor-version":[{"id":239,"href":"https:\/\/disrupt-now.org\/en\/wp-json\/wp\/v2\/pages\/199\/revisions\/239"}],"wp:attachment":[{"href":"https:\/\/disrupt-now.org\/en\/wp-json\/wp\/v2\/media?parent=199"}],"curies":[{"name":"wp","href":"https:\/\/api.w.org\/{rel}","templated":true}]}}