{"id":1975,"date":"2025-09-30T16:48:11","date_gmt":"2025-09-30T16:48:11","guid":{"rendered":"https:\/\/disrupt-now.org\/?page_id=1975"},"modified":"2025-09-30T17:00:03","modified_gmt":"2025-09-30T17:00:03","slug":"anreise","status":"publish","type":"page","link":"https:\/\/disrupt-now.org\/en\/disrupt-food-system-2025\/anreise\/","title":{"rendered":"Anreise. Disrupt. Food System"},"content":{"rendered":"<div class=\"wp-block-group has-palette-color-6-background-color has-background is-vertical is-layout-flex wp-container-core-group-is-layout-4b827052 wp-block-group-is-layout-flex\">\n<div class=\"wp-block-group is-vertical is-nowrap is-layout-flex wp-container-core-group-is-layout-f44fb481 wp-block-group-is-layout-flex\">\n<p><strong>Disrupt. Food System. Action Days.<\/strong><\/p>\n\n\n\n<div class=\"wp-block-group is-nowrap is-layout-flex wp-container-core-group-is-layout-877c468d wp-block-group-is-layout-flex\">\n<p><a href=\"https:\/\/disrupt-now.org\/en\/disrupt-food-system-2025\/\" data-type=\"page\" data-id=\"1365\">Back to Mainpage<\/a><\/p>\n\n\n\n<p><a href=\"https:\/\/disrupt-now.org\/en\/disrupt-food-system-2025\/camp\/\" data-type=\"page\" data-id=\"1671\">Infos zum Camp<\/a><\/p>\n<\/div>\n<\/div>\n\n\n\n<h1 class=\"wp-block-heading\">Kollektivie Anreise<\/h1>\n<\/div>\n\n\n\n<p>Du organisierst auch eine Anreise? <a href=\"https:\/\/disrupt-now.org\/en\/contact\/\" data-type=\"page\" data-id=\"89\">Schreib uns!<\/a><\/p>\n\n\n<div class=\"lightweight-accordion\"><details><summary class=\"lightweight-accordion-title\"><span><strong>Mit dem Solibus aus Berlin und Magdeburg zu den Aktionstagen im Oktober<\/strong><\/span><\/summary><div class=\"lightweight-accordion-body\">\n\n<p>Der Solibus f\u00e4hrt von Berlin \u00fcber Magdeburg zu den internationalen Disrupt Aktionstagen in Bremen! Ein vielf\u00e4ltiges Programm mit Camp, Workshops, Demo und direkten Aktionen wartet auf euch. Spendenempfehlung: 25\u20ac pro Fahrt (Wenn das dir zu viel ist, soll deine Mitfahrt nicht daran scheitern.)<\/p>\n\n\n\n<p>Anmeldung bei <a href=\"mailto:bus-disruptfoodsystem@systemli.org\">bus-disruptfoodsystem@systemli.org<\/a> mit Angabe der gew\u00fcnschten Strecke (Hin- und\/oder R\u00fcckfahrt) Und ganz wichtig: Wenn ihr euch angemeldet habt, dann aber doch nicht kommen k\u00f6nnt, sagt bitte ab! Wir freuen uns darauf, euch bald zu sehen!<\/p>\n\n\n\n<div class=\"wp-block-columns is-layout-flex wp-container-core-columns-is-layout-28f84493 wp-block-columns-is-layout-flex\">\n<div class=\"wp-block-column is-layout-flow wp-block-column-is-layout-flow\" style=\"flex-basis:66.66%\">\n<h3 class=\"wp-block-heading has-medium-font-size\">Abfahrt<\/h3>\n\n\n\n<p><strong>Start<\/strong>: 08.10. um 23:30 Uhr, Zentral in Berlin (Adresse nach Anmeldung), <strong>Zwischenstation<\/strong>: Magdeburg (Adresse nach Anmeldung), <strong>Ziel<\/strong>: Disrupt Camp in Bremen<\/p>\n\n\n\n<h3 class=\"wp-block-heading has-medium-font-size\">R\u00fcckfahrt<\/h3>\n\n\n\n<p><strong>Start<\/strong>: 12.10. um 12 Uhr, Disrupt Camp in Bremen, <strong>Zwischenstation<\/strong>: Magdeburg (Adresse nach Anmeldung) <strong>Ziel<\/strong>: Zentral in Berlin (Adresse nach Anmeldung)<\/p>\n<\/div>\n\n\n\n<div class=\"wp-block-column is-layout-flow wp-block-column-is-layout-flow\" style=\"flex-basis:33.33%\">\n<figure class=\"wp-block-image size-large\"><img loading=\"lazy\" decoding=\"async\" width=\"1024\" height=\"461\" src=\"https:\/\/disrupt-now.org\/wp-content\/uploads\/2025\/09\/AAGjZJwFQ24_1757324595276-1024x461.png\" alt=\"\" class=\"wp-image-1690\" srcset=\"https:\/\/disrupt-now.org\/wp-content\/uploads\/2025\/09\/AAGjZJwFQ24_1757324595276-1024x461.png 1024w, https:\/\/disrupt-now.org\/wp-content\/uploads\/2025\/09\/AAGjZJwFQ24_1757324595276-300x135.png 300w, https:\/\/disrupt-now.org\/wp-content\/uploads\/2025\/09\/AAGjZJwFQ24_1757324595276-768x345.png 768w, https:\/\/disrupt-now.org\/wp-content\/uploads\/2025\/09\/AAGjZJwFQ24_1757324595276-1536x691.png 1536w, https:\/\/disrupt-now.org\/wp-content\/uploads\/2025\/09\/AAGjZJwFQ24_1757324595276-2048x921.png 2048w, https:\/\/disrupt-now.org\/wp-content\/uploads\/2025\/09\/AAGjZJwFQ24_1757324595276-18x8.png 18w\" sizes=\"auto, (max-width: 1024px) 100vw, 1024px\" \/><\/figure>\n<\/div>\n<\/div>\n\n<\/div><\/details><\/div>\n\n<div class=\"lightweight-accordion\"><details><summary class=\"lightweight-accordion-title\"><span><strong>Mitfahrgelegenheiten \/ Fahrgemeinschaften \u2013 Selbstorganisierte Gruppe<\/strong><\/span><\/summary><div class=\"lightweight-accordion-body\">\n\n<p>Wie funktioniert&#8217;s?<\/p>\n\n\n\n<ul class=\"wp-block-list\">\n<li>Du bietest eine Fahrt an? \u2192 Poste Abfahrtsort, Zeit, freie Pl\u00e4tze usw.<\/li>\n\n\n\n<li>Du suchst eine Mitfahrgelegenheit? \u2192 Schreib, wann und von wo du mitfahren willst.<\/li>\n<\/ul>\n\n\n\n<p>Hier geht&#8217;s zur Telegram Gruppe: <a href=\"https:\/\/t.me\/+WYEv4ydYXGw3OGIy\" target=\"_blank\" rel=\"noreferrer noopener\">https:\/\/t.me\/+WYEv4ydYXGw3OGIy<\/a><\/p>\n\n\n\n<p>Alle Absprachen laufen direkt zwischen euch \u2013 bitte eigenst\u00e4ndig organisieren. Wichtig: Die Gruppe wird nicht von Disrupt betreut. Sie dient nur als Plattform zur Vernetzung damit viele gut zum Camp kommen und gehen.<\/p>\n\n<\/div><\/details><\/div>","protected":false},"excerpt":{"rendered":"<p>Disrupt. Food System. Aktionstage. Zur Hauptseite Infos zum Camp Kollektivie Anreise Du organisierst auch eine Anreise? Schreib uns!<\/p>","protected":false},"author":1,"featured_media":0,"parent":1365,"menu_order":0,"comment_status":"closed","ping_status":"closed","template":"","meta":{"_themeisle_gutenberg_block_has_review":false,"footnotes":""},"class_list":["post-1975","page","type-page","status-publish","hentry"],"blocksy_meta":{"has_hero_section":"disabled","styles_descriptor":{"styles":{"desktop":"","tablet":"","mobile":""},"google_fonts":[],"version":6}},"_links":{"self":[{"href":"https:\/\/disrupt-now.org\/en\/wp-json\/wp\/v2\/pages\/1975","targetHints":{"allow":["GET"]}}],"collection":[{"href":"https:\/\/disrupt-now.org\/en\/wp-json\/wp\/v2\/pages"}],"about":[{"href":"https:\/\/disrupt-now.org\/en\/wp-json\/wp\/v2\/types\/page"}],"author":[{"embeddable":true,"href":"https:\/\/disrupt-now.org\/en\/wp-json\/wp\/v2\/users\/1"}],"replies":[{"embeddable":true,"href":"https:\/\/disrupt-now.org\/en\/wp-json\/wp\/v2\/comments?post=1975"}],"version-history":[{"count":5,"href":"https:\/\/disrupt-now.org\/en\/wp-json\/wp\/v2\/pages\/1975\/revisions"}],"predecessor-version":[{"id":1985,"href":"https:\/\/disrupt-now.org\/en\/wp-json\/wp\/v2\/pages\/1975\/revisions\/1985"}],"up":[{"embeddable":true,"href":"https:\/\/disrupt-now.org\/en\/wp-json\/wp\/v2\/pages\/1365"}],"wp:attachment":[{"href":"https:\/\/disrupt-now.org\/en\/wp-json\/wp\/v2\/media?parent=1975"}],"curies":[{"name":"wp","href":"https:\/\/api.w.org\/{rel}","templated":true}]}}