{"id":1909,"date":"2025-09-28T13:54:56","date_gmt":"2025-09-28T13:54:56","guid":{"rendered":"https:\/\/disrupt-now.org\/?page_id=1909"},"modified":"2025-09-28T14:03:38","modified_gmt":"2025-09-28T14:03:38","slug":"radtour10okt25","status":"publish","type":"page","link":"https:\/\/disrupt-now.org\/en\/radtour10okt25\/","title":{"rendered":"Along the Weser"},"content":{"rendered":"<div class=\"wp-block-group has-palette-color-6-background-color has-background is-vertical is-layout-flex wp-container-core-group-is-layout-4b827052 wp-block-group-is-layout-flex\">\n<div class=\"wp-block-group is-vertical is-nowrap is-layout-flex wp-container-core-group-is-layout-f44fb481 wp-block-group-is-layout-flex\">\n<p><strong>Disrupt. Food System. Action Days.<\/strong><\/p>\n\n\n\n<div class=\"wp-block-group is-nowrap is-layout-flex wp-container-core-group-is-layout-877c468d wp-block-group-is-layout-flex\">\n<p><a href=\"https:\/\/disrupt-now.org\/en\/disrupt-food-system-2025\/\" data-type=\"page\" data-id=\"1365\">Back to Mainpage<\/a><\/p>\n\n\n\n<p><a href=\"https:\/\/programm.infraunited.org\/disrupt-food-system-2025\/schedule\/\">Infos on Program<\/a><\/p>\n<\/div>\n<\/div>\n\n\n\n<h1 class=\"wp-block-heading\">Bike Tour<\/h1>\n<\/div>\n\n\n\n<div class=\"wp-block-columns is-layout-flex wp-container-core-columns-is-layout-28f84493 wp-block-columns-is-layout-flex\">\n<div class=\"wp-block-column is-layout-flow wp-block-column-is-layout-flow\" style=\"flex-basis:66.66%\">\n<p><strong>Along the Weser - Visible consequences of the deepening of the Weser<\/strong><\/p>\n\n\n\n<hr class=\"wp-block-separator has-alpha-channel-opacity is-style-wide\"\/>\n\n\n\n<p>Pollution, oversalting, and higher flood risk... These are the consequences of deepening the Weser River. The Weser has been repeatedly deepened so that even larger ships can deliver soy imports and palm oil to the port of Brake with heavy loads. This has far-reaching consequences for animals, plants, and people! We will cycle together along the Weser from Bremen to Brake and discover the visible consequences of the deepening of the Weser. Once we arrive in Brake, after a quick snack, we will take a harbor tour of the port of Brake with its huge port facilities, organized by BUND Wesermarsch (see below for more information).<\/p>\n\n\n\n<h2 class=\"wp-block-heading has-medium-font-size\"><strong>Schedule:<\/strong><\/h2>\n\n\n\n<ul class=\"wp-block-list\">\n<li>9 a.m. Start at the camp (meeting point: InfoPoint)<\/li>\n\n\n\n<li>2 p.m. Estimated arrival at Brake Harbor. Light lunch on site.<br>Some of the bikes will be transported back to the camp by van.<\/li>\n\n\n\n<li>14.30 bis 16.30 Uhr Hafenrundfahrt im Braker Hafen mit dem BUND Wesermarsch (siehe unten)<\/li>\n\n\n\n<li>16.30 Uhr R\u00fcckfahrt mit \u00d6PNV nach Bremen. Ankunft gegen 18 Uhr.<\/li>\n<\/ul>\n\n\n\n<p><em>optional: <\/em>You can skip the harbor tour and cycle back on your own.<\/p>\n\n\n\n<p><strong>Packing list:<\/strong> Bicycle, bicycle helmet, weather-appropriate clothing, rain jacket, enough food and drink (you will have the opportunity to make lunch packages at the camp)<\/p>\n\n\n\n<p><\/p>\n<\/div>\n\n\n\n<div class=\"wp-block-column is-layout-flow wp-block-column-is-layout-flow\" style=\"flex-basis:33.33%\">\n<figure class=\"wp-block-image size-large\"><img loading=\"lazy\" decoding=\"async\" width=\"724\" height=\"1024\" src=\"https:\/\/disrupt-now.org\/wp-content\/uploads\/2025\/09\/Radtour-A3-1-724x1024.png\" alt=\"\" class=\"wp-image-1914\" srcset=\"https:\/\/disrupt-now.org\/wp-content\/uploads\/2025\/09\/Radtour-A3-1-724x1024.png 724w, https:\/\/disrupt-now.org\/wp-content\/uploads\/2025\/09\/Radtour-A3-1-212x300.png 212w, https:\/\/disrupt-now.org\/wp-content\/uploads\/2025\/09\/Radtour-A3-1-768x1086.png 768w, https:\/\/disrupt-now.org\/wp-content\/uploads\/2025\/09\/Radtour-A3-1-1086x1536.png 1086w, https:\/\/disrupt-now.org\/wp-content\/uploads\/2025\/09\/Radtour-A3-1-8x12.png 8w, https:\/\/disrupt-now.org\/wp-content\/uploads\/2025\/09\/Radtour-A3-1.png 1414w\" sizes=\"auto, (max-width: 724px) 100vw, 724px\" \/><\/figure>\n<\/div>\n<\/div>","protected":false},"excerpt":{"rendered":"<p>Disrupt. Food System. Aktionstage. Zur Hauptseite Zum Programm Infos zur Radtour Entlang der Weser &#8211; Sichbare Folgen der Weservertiefung Verschlickung, Versalzung und Hochwassergefahr\u2026 Das sind Folgen der Weservertiefung. Damit noch gr\u00f6\u00dfere Schiffe schwer beladen im Braker Hafen Sojaimporte und Palm\u00f6l anliefern k\u00f6nnen, wurde die Weser immer wieder vertieft. Das hat weitreichende Folgen f\u00fcr Tiere, Pflanzen [&hellip;]<\/p>\n","protected":false},"author":1,"featured_media":0,"parent":0,"menu_order":0,"comment_status":"closed","ping_status":"closed","template":"","meta":{"_themeisle_gutenberg_block_has_review":false,"footnotes":""},"class_list":["post-1909","page","type-page","status-publish","hentry"],"blocksy_meta":{"has_hero_section":"disabled","styles_descriptor":{"styles":{"desktop":"","tablet":"","mobile":""},"google_fonts":[],"version":6}},"_links":{"self":[{"href":"https:\/\/disrupt-now.org\/en\/wp-json\/wp\/v2\/pages\/1909","targetHints":{"allow":["GET"]}}],"collection":[{"href":"https:\/\/disrupt-now.org\/en\/wp-json\/wp\/v2\/pages"}],"about":[{"href":"https:\/\/disrupt-now.org\/en\/wp-json\/wp\/v2\/types\/page"}],"author":[{"embeddable":true,"href":"https:\/\/disrupt-now.org\/en\/wp-json\/wp\/v2\/users\/1"}],"replies":[{"embeddable":true,"href":"https:\/\/disrupt-now.org\/en\/wp-json\/wp\/v2\/comments?post=1909"}],"version-history":[{"count":5,"href":"https:\/\/disrupt-now.org\/en\/wp-json\/wp\/v2\/pages\/1909\/revisions"}],"predecessor-version":[{"id":1916,"href":"https:\/\/disrupt-now.org\/en\/wp-json\/wp\/v2\/pages\/1909\/revisions\/1916"}],"wp:attachment":[{"href":"https:\/\/disrupt-now.org\/en\/wp-json\/wp\/v2\/media?parent=1909"}],"curies":[{"name":"wp","href":"https:\/\/api.w.org\/{rel}","templated":true}]}}