{"id":1496,"date":"2025-06-20T19:04:49","date_gmt":"2025-06-20T19:04:49","guid":{"rendered":"https:\/\/disrupt-now.org\/?page_id=1496"},"modified":"2025-09-08T18:46:52","modified_gmt":"2025-09-08T18:46:52","slug":"iaa25","status":"publish","type":"page","link":"https:\/\/disrupt-now.org\/en\/iaa25\/","title":{"rendered":"Disrupt IAA"},"content":{"rendered":"<div class=\"wp-block-group has-palette-color-5-background-color has-background is-layout-constrained wp-container-core-group-is-layout-82a93b4b wp-block-group-is-layout-constrained\" style=\"padding-top:var(--wp--preset--spacing--40);padding-right:var(--wp--preset--spacing--40);padding-bottom:var(--wp--preset--spacing--40);padding-left:var(--wp--preset--spacing--40)\">\n<p class=\"has-large-font-size\">Let's crash the international motor show and build alternatives!<\/p>\n\n\n\n<p><strong>Decentralized action days 09-14 September 2025 in Munich and Co.<\/strong><\/p>\n<\/div>\n\n\n\n<h2 class=\"wp-block-heading\">Mobility in the crisis.<\/h2>\n\n\n\n<p>The earth is burning, but industry and politicians continue to rely on the car system. \u201cJust one more lane bro, then our cities and roads will no longer be congested\u201d. - \u201cOnce the e-car transformation is complete, everything will be better\u201d. More and more, and further and further.<\/p>\n\n\n\n<p>It is clear that no road, no matter how wide, will solve the problems of individual transportation that it itself creates. No electric car can be produced without overexploitation, which forces people and children into exploitative working conditions. No technological innovation can compensate for the environmental damage caused by the production, operation and disposal of cars. And no amount of tax relief can prevent employees from losing their jobs without a real turnaround in transportation.<\/p>\n\n\n\n<p class=\"translation-block\">The auto industry forces us into a dependence on the car and sells it to us as innovation and progress. Each year, it celebrates itself for this and organizes the <strong>IAA<\/strong> annually \u2013 a PR festival of the auto industry in the middle of the city. <\/strong><\/p>\n\n\n\n<h2 class=\"wp-block-heading\">Time for change.<\/h2>\n\n\n\n<div class=\"wp-block-columns is-layout-flex wp-container-core-columns-is-layout-28f84493 wp-block-columns-is-layout-flex\">\n<div class=\"wp-block-column is-layout-flow wp-block-column-is-layout-flow\">\n<p>What do we want and need instead?<br>A genuine transport revolution relies on streetcars, trains and bicycles, not SUVs and air traffic. A mobility system that is <em>alle<\/em> It's not about e-cars instead of combustion engines, but about fewer cars and more space for people.<\/p>\n\n\n\n<p>Let's take back our cities, let's take back our free spaces!<br>Disrupt IAA!<br>Build transport turnaround.<\/p>\n\n\n\n<h2 class=\"wp-block-heading\">Join in!<\/h2>\n\n\n\n<p>Beteilige dich an den dezentralen Aktionstagen vom 9. bis 14. September 2025. Bei Disrupt und den dezentralen Aktionstagen k\u00f6nnen alle mitmachen &#8211; auch ihr k\u00f6nnt eine Aktion organisieren und braucht daf\u00fcr kein Einverst\u00e4ndnis, solange ihr unser <a href=\"https:\/\/disrupt-now.org\/en\/selbstverstandnis\/\" data-type=\"page\" data-id=\"459\">Self-conception<\/a> teilt.<\/p>\n\n\n\n<p><strong>Organize a small group action - whether on site in Munich, in the surrounding area or wherever you are.<\/strong> Wir wollen euch bei euren Aktionen so gut wie m\u00f6glich unters\u00fctzen und stellen euch daher verschiedenes Material und Support zur Verf\u00fcgung. <\/p>\n\n\n\n<p>Wir ver\u00f6ffentlichen Bilder, Videos und Texte gerne f\u00fcr euch \u00fcber unsere Medien, die ihr uns zuschickt. Wenn ihr euch mehr und direkter einbringen wollt in die Medienarbeit zu eurer Aktion, meldet euch gerne im Vorfeld und wir finden zusammen einen guten Weg, damit ihr unsere Kan\u00e4le nutzen k\u00f6nnt. Allgemein Infos zum Machen einer Disrupt-Aktion findet ihr <a href=\"https:\/\/disrupt-now.org\/en\/mitmachen\/aktion-machen\/\" data-type=\"page\" data-id=\"501\">here<\/a>.<\/p>\n\n\n\n<p>Please contact us if you have any questions:&nbsp;<a href=\"mailto:iaa@disrupt-now.org\">iaa@disrupt-now.org<\/a> <a href=\"https:\/\/keyserver2.pgp.com\/vkd\/DownloadKey.event?keyid=0x5A5192E958A77C5A\">(PGP-Key)<\/a><\/p>\n<\/div>\n\n\n\n<div class=\"wp-block-column is-layout-flow wp-block-column-is-layout-flow\" style=\"flex-basis:350px\">\n<figure class=\"wp-block-image size-large\"><img loading=\"lazy\" decoding=\"async\" width=\"819\" height=\"1024\" src=\"https:\/\/disrupt-now.org\/wp-content\/uploads\/2025\/06\/Disrupt-IAA-2025-Sharepic-819x1024.png\" alt=\"\" class=\"wp-image-1519\" srcset=\"https:\/\/disrupt-now.org\/wp-content\/uploads\/2025\/06\/Disrupt-IAA-2025-Sharepic-819x1024.png 819w, https:\/\/disrupt-now.org\/wp-content\/uploads\/2025\/06\/Disrupt-IAA-2025-Sharepic-240x300.png 240w, https:\/\/disrupt-now.org\/wp-content\/uploads\/2025\/06\/Disrupt-IAA-2025-Sharepic-768x960.png 768w, https:\/\/disrupt-now.org\/wp-content\/uploads\/2025\/06\/Disrupt-IAA-2025-Sharepic-10x12.png 10w, https:\/\/disrupt-now.org\/wp-content\/uploads\/2025\/06\/Disrupt-IAA-2025-Sharepic.png 1080w\" sizes=\"auto, (max-width: 819px) 100vw, 819px\" \/><\/figure>\n<\/div>\n<\/div>\n\n\n\n<div class=\"wp-block-columns is-layout-flex wp-container-core-columns-is-layout-28f84493 wp-block-columns-is-layout-flex\">\n<div class=\"wp-block-column is-layout-flow wp-block-column-is-layout-flow\" style=\"flex-basis:50.01%\">\n<div class=\"wp-block-group has-palette-color-5-background-color has-background is-layout-constrained wp-block-group-is-layout-constrained\">\n<h3 class=\"wp-block-heading\">Material<\/h3>\n\n\n\n<div class=\"wp-block-file\"><a id=\"wp-block-file--media-35a34ac4-5a7a-4028-8794-8f5de5fcdd10\" href=\"https:\/\/disrupt-now.org\/wp-content\/uploads\/2025\/07\/A3-Plakat-CMYK-IAA-Disrupt-IAA-2025.pdf\">A3-Plakat-(CMYK)-IAA-Disrupt-IAA-2025<\/a><a href=\"https:\/\/disrupt-now.org\/wp-content\/uploads\/2025\/07\/A3-Plakat-CMYK-IAA-Disrupt-IAA-2025.pdf\" class=\"wp-block-file__button wp-element-button\" download aria-describedby=\"wp-block-file--media-35a34ac4-5a7a-4028-8794-8f5de5fcdd10\">Download<\/a><\/div>\n\n\n\n<div class=\"wp-block-file\"><a id=\"wp-block-file--media-854191ad-7a7e-4754-9af9-0c444da97d73\" href=\"https:\/\/disrupt-now.org\/wp-content\/uploads\/2025\/07\/Design-Disrupt-IAA-2025.zip\">Design-Guide-Disrupt-IAA-2025<\/a><a href=\"https:\/\/disrupt-now.org\/wp-content\/uploads\/2025\/07\/Design-Disrupt-IAA-2025.zip\" class=\"wp-block-file__button wp-element-button\" download aria-describedby=\"wp-block-file--media-854191ad-7a7e-4754-9af9-0c444da97d73\">Download<\/a><\/div>\n<\/div>\n<\/div>\n\n\n\n<div class=\"wp-block-column is-layout-flow wp-block-column-is-layout-flow\" style=\"flex-basis:49.99%\">\n<div class=\"wp-block-group has-palette-color-5-background-color has-background is-layout-constrained wp-block-group-is-layout-constrained\">\n<h3 class=\"wp-block-heading\">EA Support<\/h3>\n\n\n\n<p>Es gibt f\u00fcr die Region in und um M\u00fcnchen einen EA, den ihr f\u00fcr den Zeitraum der Aktionstage f\u00fcr eure Kleingruppenaktion anfragen k\u00f6nnt.<\/p>\n\n\n\n<p>Der EA ist unter <strong>089 448 96 38<\/strong> erreichbar. Weitere Infos findet Ihr unter <a href=\"https:\/\/rhmuc.noblogs.org\/ea-iaa\/\">https:\/\/rhmuc.noblogs.org\/ea-iaa\/<\/a>.<\/p>\n\n\n\n<p>\u00dcber folgenden Link k\u00f6nnt Ihr Euch eine <strong>EA-Nummer generieren<\/strong>: <a href=\"https:\/\/ea.disrupt-now.org\/\">https:\/\/ea.disrupt-now.org\/<\/a><\/p>\n<\/div>\n<\/div>\n<\/div>\n\n\n\n<p><\/p>","protected":false},"excerpt":{"rendered":"<p>Lasst uns die internationale Automobilmesse crashen und Alternativen aufbauen! Dezentrale Aktionstage 09.-14. September 2025 in M\u00fcnchen und Co. Mobilit\u00e4t in der Krise. Die Erde brennt, doch Industrie und Politik setzen weiter auf das System Auto. &#8222;Just one more lane bro, dann sind unsere St\u00e4dte und Stra\u00dfen nicht mehr verstopft&#8220;. &#8211; &#8222;Ist die E-Auto-Transformation einmal geschafft, [&hellip;]<\/p>\n","protected":false},"author":1,"featured_media":0,"parent":0,"menu_order":0,"comment_status":"closed","ping_status":"closed","template":"","meta":{"_themeisle_gutenberg_block_has_review":false,"footnotes":""},"class_list":["post-1496","page","type-page","status-publish","hentry"],"blocksy_meta":[],"_links":{"self":[{"href":"https:\/\/disrupt-now.org\/en\/wp-json\/wp\/v2\/pages\/1496","targetHints":{"allow":["GET"]}}],"collection":[{"href":"https:\/\/disrupt-now.org\/en\/wp-json\/wp\/v2\/pages"}],"about":[{"href":"https:\/\/disrupt-now.org\/en\/wp-json\/wp\/v2\/types\/page"}],"author":[{"embeddable":true,"href":"https:\/\/disrupt-now.org\/en\/wp-json\/wp\/v2\/users\/1"}],"replies":[{"embeddable":true,"href":"https:\/\/disrupt-now.org\/en\/wp-json\/wp\/v2\/comments?post=1496"}],"version-history":[{"count":23,"href":"https:\/\/disrupt-now.org\/en\/wp-json\/wp\/v2\/pages\/1496\/revisions"}],"predecessor-version":[{"id":1670,"href":"https:\/\/disrupt-now.org\/en\/wp-json\/wp\/v2\/pages\/1496\/revisions\/1670"}],"wp:attachment":[{"href":"https:\/\/disrupt-now.org\/en\/wp-json\/wp\/v2\/media?parent=1496"}],"curies":[{"name":"wp","href":"https:\/\/api.w.org\/{rel}","templated":true}]}}