{"id":1418,"date":"2025-05-31T18:13:50","date_gmt":"2025-05-31T18:13:50","guid":{"rendered":"https:\/\/disrupt-now.org\/?page_id=1418"},"modified":"2025-05-31T18:20:10","modified_gmt":"2025-05-31T18:20:10","slug":"solidaritaet-betroffenen-arbeiterinnen-grossunternehmen-biosabor","status":"publish","type":"page","link":"https:\/\/disrupt-now.org\/en\/solidaritaet-betroffenen-arbeiterinnen-grossunternehmen-biosabor\/","title":{"rendered":"Solidarity with workers affected by repression in the large company BioSabor"},"content":{"rendered":"<p class=\"translation-block\">We follow and share (slightly modified) a call from <a href=\"https:\/\/www.instagram.com\/interbrigadas\/\" target=\"_self\">@interbrigadas<\/a> and show solidarity with workers in the largest organic company \u2018BioSabor\u2019, which the company wants to get rid of in a perfidious way.<\/p>\n\n\n\n<p><strong>What is BioSabor?<\/strong><\/p>\n\n\n\n<p>BioSabor is a Spanish company specialising in the cultivation of organic vegetable products. With over 300 hectares of greenhouse production. People in Germany can also buy tomatoes, courgettes and aubergines from these greenhouses in the usual supermarkets. BioSabor presents itself as sustainable and a role model in the organic sector.<\/p>\n\n\n\n<p><strong>What is happening right now?<\/strong><\/p>\n\n\n\n<p>BioSabor wants to get rid of a large part of the workforce, as this is in breach of current labour law. The company is pursuing a malicious strategy. From the usual violations of labour and health law, attempts at intimidation and defamation, nepotism and the prevention of trade union activities, the strategy is now to \u2018sell\u2019 the plants in order to get rid of the workforce.<\/p>\n\n\n\n<p>Delegates from the SOC-SAT grassroots union reported on these conditions.<\/p>\n\n\n\n<p>Wir sind w\u00fctend! Wir sprechen unsere vollste Solidarit\u00e4t mit den Arbeiter*innen aus. Die <a href=\"https:\/\/www.instagram.com\/interbrigadas\/\">@interbrigadas<\/a> haben einen Handlungsoptionenbereitgestellt, wie ihr den Kampf aktuell unterst\u00fctzen k\u00f6nnt:<\/p>\n\n\n\n<ul class=\"wp-block-list\">\n<li>you can comment in the social media comment columns at BioSabor, Rewe, Kaufland, Lidl and Aldi<\/li>\n\n\n\n<li class=\"translation-block\">send <a href=\"https:\/\/www.instagram.com\/interbrigadas\/\" target=\"_self\">@interbrigadas<\/a> a solo photo or video, which we can forward directly to our comrades<\/li>\n\n\n\n<li>you can write emails to organic certification bodies and complain and demand a statement and inspection of the company<\/li>\n\n\n\n<li>you can write emails to supermarkets and complain and demand a statement and control of the company<\/li>\n\n\n\n<li>you can write emails directly to BioSabor or call them<\/li>\n\n\n\n<li>talk about it with your friends, family and people in your neighbourhood and make people in supermarkets aware of it<\/li>\n<\/ul>\n\n\n\n<figure class=\"wp-block-image size-large\"><img loading=\"lazy\" decoding=\"async\" width=\"1024\" height=\"683\" src=\"https:\/\/disrupt-now.org\/wp-content\/uploads\/2025\/05\/soli-bild-disrupt-31-mai-1024x683.jpg\" alt=\"\" class=\"wp-image-1421\" srcset=\"https:\/\/disrupt-now.org\/wp-content\/uploads\/2025\/05\/soli-bild-disrupt-31-mai-1024x683.jpg 1024w, https:\/\/disrupt-now.org\/wp-content\/uploads\/2025\/05\/soli-bild-disrupt-31-mai-300x200.jpg 300w, https:\/\/disrupt-now.org\/wp-content\/uploads\/2025\/05\/soli-bild-disrupt-31-mai-768x512.jpg 768w, https:\/\/disrupt-now.org\/wp-content\/uploads\/2025\/05\/soli-bild-disrupt-31-mai-1536x1024.jpg 1536w, https:\/\/disrupt-now.org\/wp-content\/uploads\/2025\/05\/soli-bild-disrupt-31-mai-18x12.jpg 18w, https:\/\/disrupt-now.org\/wp-content\/uploads\/2025\/05\/soli-bild-disrupt-31-mai.jpg 2048w\" sizes=\"auto, (max-width: 1024px) 100vw, 1024px\" \/><\/figure>","protected":false},"excerpt":{"rendered":"<p>Wir folgen und teilen (leicht abgewandelt) einem Aufruf von @interbrigadas und solidarisieren uns mit Arbeiter*innen im gr\u00f6\u00dften Bio-Unternehmen &#8222;BioSabor&#8220;, denen sich das Unternehmen auf perfide Weise entledigen will. Was ist BioSabor? BioSabor ist ein spanisches Unternehmen, das sich auf den Anbau von biologischen Gem\u00fcseprodukten spezialisiert hat. Mit \u00fcber 300 Hektar Gew\u00e4chshausproduktion. In den g\u00e4ngigen Superm\u00e4rkten [&hellip;]<\/p>\n","protected":false},"author":1,"featured_media":0,"parent":0,"menu_order":0,"comment_status":"closed","ping_status":"closed","template":"","meta":{"_themeisle_gutenberg_block_has_review":false,"footnotes":""},"class_list":["post-1418","page","type-page","status-publish","hentry"],"blocksy_meta":[],"_links":{"self":[{"href":"https:\/\/disrupt-now.org\/en\/wp-json\/wp\/v2\/pages\/1418","targetHints":{"allow":["GET"]}}],"collection":[{"href":"https:\/\/disrupt-now.org\/en\/wp-json\/wp\/v2\/pages"}],"about":[{"href":"https:\/\/disrupt-now.org\/en\/wp-json\/wp\/v2\/types\/page"}],"author":[{"embeddable":true,"href":"https:\/\/disrupt-now.org\/en\/wp-json\/wp\/v2\/users\/1"}],"replies":[{"embeddable":true,"href":"https:\/\/disrupt-now.org\/en\/wp-json\/wp\/v2\/comments?post=1418"}],"version-history":[{"count":3,"href":"https:\/\/disrupt-now.org\/en\/wp-json\/wp\/v2\/pages\/1418\/revisions"}],"predecessor-version":[{"id":1422,"href":"https:\/\/disrupt-now.org\/en\/wp-json\/wp\/v2\/pages\/1418\/revisions\/1422"}],"wp:attachment":[{"href":"https:\/\/disrupt-now.org\/en\/wp-json\/wp\/v2\/media?parent=1418"}],"curies":[{"name":"wp","href":"https:\/\/api.w.org\/{rel}","templated":true}]}}