{"id":1216,"date":"2025-03-26T09:06:04","date_gmt":"2025-03-26T09:06:04","guid":{"rendered":"https:\/\/disrupt-now.org\/?page_id=1216"},"modified":"2025-03-26T22:42:10","modified_gmt":"2025-03-26T22:42:10","slug":"teslatakedown","status":"publish","type":"page","link":"https:\/\/disrupt-now.org\/en\/teslatakedown\/","title":{"rendered":"#TeslaTakeDown vom 29.3. bis 12.4."},"content":{"rendered":"<h1 class=\"wp-block-heading has-text-align-center\" style=\"margin-top:var(--wp--preset--spacing--60);margin-bottom:0\">#TeslaTakeDown vom 29.3. bis 12.4.<\/h1>\n\n\n\n<div class=\"wp-block-group is-content-justification-center is-nowrap is-layout-flex wp-container-core-group-is-layout-23441af8 wp-block-group-is-layout-flex\">\n<p class=\"has-medium-font-size\"><strong>Disrupt Tesla<\/strong><\/p>\n\n\n\n<p class=\"has-text-align-center has-medium-font-size\"><strong>Dump the Rich<\/strong><\/p>\n\n\n\n<p class=\"has-medium-font-size\"><strong>Create Future<\/strong><\/p>\n<\/div>\n\n\n\n<div style=\"height:58px;width:0px\" aria-hidden=\"true\" class=\"wp-block-spacer\"><\/div>\n\n\n\n<figure class=\"wp-block-image alignright size-large is-resized\" style=\"margin-top:0;margin-bottom:0\"><img loading=\"lazy\" decoding=\"async\" width=\"819\" height=\"1024\" src=\"https:\/\/disrupt-now.org\/wp-content\/uploads\/2025\/03\/Disrupt.1-Kopie-819x1024.png\" alt=\"\" class=\"wp-image-1245\" style=\"width:307px;height:auto\" srcset=\"https:\/\/disrupt-now.org\/wp-content\/uploads\/2025\/03\/Disrupt.1-Kopie-819x1024.png 819w, https:\/\/disrupt-now.org\/wp-content\/uploads\/2025\/03\/Disrupt.1-Kopie-240x300.png 240w, https:\/\/disrupt-now.org\/wp-content\/uploads\/2025\/03\/Disrupt.1-Kopie-768x960.png 768w, https:\/\/disrupt-now.org\/wp-content\/uploads\/2025\/03\/Disrupt.1-Kopie-10x12.png 10w, https:\/\/disrupt-now.org\/wp-content\/uploads\/2025\/03\/Disrupt.1-Kopie.png 1080w\" sizes=\"auto, (max-width: 819px) 100vw, 819px\" \/><\/figure>\n\n\n\n<h2 class=\"wp-block-heading has-large-font-size\" style=\"margin-top:0\">Disrupt Tesla<\/h2>\n\n\n\n<p>Schluss mit falschen L\u00f6sungen! Elon Musk und andere Superreiche sind die Speerspitzen eines Systems, das die Welt ausbeutet und zerst\u00f6rt.&nbsp;Schon im Mai 2024 haben wir gezeigt, was geht: Mit hunderten Menschen legten wir die Tesla-Gigafactory in Gr\u00fcnheide lahm und blockierten den Flugplatz Neuhardenberg, Teslas Autolager.<br>Seit dem regt sich global immer gr\u00f6\u00dferer Protest und direkte Aktionen gegen Tesla.<\/p>\n\n\n\n<figure class=\"wp-block-image size-large is-resized\"><img loading=\"lazy\" decoding=\"async\" width=\"819\" height=\"1024\" src=\"https:\/\/disrupt-now.org\/wp-content\/uploads\/2025\/03\/Disrupt.1-Kopie-819x1024.png\" alt=\"\" class=\"wp-image-1245\" style=\"width:307px;height:auto\" srcset=\"https:\/\/disrupt-now.org\/wp-content\/uploads\/2025\/03\/Disrupt.1-Kopie-819x1024.png 819w, https:\/\/disrupt-now.org\/wp-content\/uploads\/2025\/03\/Disrupt.1-Kopie-240x300.png 240w, https:\/\/disrupt-now.org\/wp-content\/uploads\/2025\/03\/Disrupt.1-Kopie-768x960.png 768w, https:\/\/disrupt-now.org\/wp-content\/uploads\/2025\/03\/Disrupt.1-Kopie-10x12.png 10w, https:\/\/disrupt-now.org\/wp-content\/uploads\/2025\/03\/Disrupt.1-Kopie.png 1080w\" sizes=\"auto, (max-width: 819px) 100vw, 819px\" \/><\/figure>\n\n\n\n<ul class=\"wp-block-list\">\n<li><strong>Demos &amp; Blockaden:<\/strong> Zuletzt verst\u00e4rkt in den USA wurden Tesla Autoh\u00e4user blockiert und weltweit Fabriken blockiert und bestreikt.<\/li>\n\n\n\n<li><strong>Entwaffnung:<\/strong> Lades\u00e4ulen f\u00fcr Teslas wurden unbrauchbar gemacht oder ihre Stromversorgung unterbrochen. Teslat\u00fcren wurden mit Sekundenkleber verschlossen oder haben sich selbst entz\u00fcndet.&nbsp;<\/li>\n\n\n\n<li><strong>Zeigen, was wir von Tesla halten: <\/strong>Teslas oder die Fassaden der Autoh\u00e4user wurden markiert oder mit Slogans versehen.<\/li>\n<\/ul>\n\n\n\n<h2 class=\"wp-block-heading has-large-font-size\">Dump the rich:<\/h2>\n\n\n\n<p>Mit Trump und Musk sind die Einflusssph\u00e4ren der Superreichen nur noch offensichtlicher geworden. Vorher in Hinterzimmern, jetzt f\u00fcr alle sichtbar: Menschen und Umwelt sind Verf\u00fcgungsmasse f\u00fcr kapitalistische Machtpolitik.<br>Dass sich alles an kapitalistischen Interessen ausrichtet ist dabei kein Fehler im System. Vielmehr ist es der Kerngedanke im Kapitalismus.<br>Wir k\u00f6nnen uns Kapitalismus und die Reichen nicht mehr Leisten.&nbsp;<\/p>\n\n\n\n<h2 class=\"wp-block-heading has-large-font-size\">Create future<\/h2>\n\n\n\n<p>Statt immer mehr Ausbeutung und Zerst\u00f6rung k\u00e4mpfen wir f\u00fcr eine Welt, in der das gute Leben f\u00fcr alle m\u00f6glich ist. Und genau diese Utopie ist unvereinbar mit immer weiterer Aufr\u00fcstung, Superreichen in Machtpostionen und rechter Politik<br>Also Schluss mit Tesla, Musk und allen Superreichen. Schluss mit Kapitalismus und Ausbeutung. Lasst und die Zerst\u00f6rung unterbrechen und Utopien aufbauen.&nbsp;<\/p>\n\n\n\n<hr class=\"wp-block-separator has-text-color has-palette-color-4-color has-alpha-channel-opacity has-palette-color-4-background-color has-background\"\/>\n\n\n\n<p>Sei dabei, schlie\u00dfe dich mit deinen Ideen dem TeslaTakeDown Protest an oder plane eine <a href=\"https:\/\/disrupt-now.org\/en\/mitmachen\/aktion-machen\/\">eigene Disrupt Aktion<\/a>. Und verlinke deine Aktion ggf. auf <a href=\"https:\/\/teslatakedown-europe.org\">TeslaTakeDown<\/a>. Lasst uns das System zu Fall bringen. Egal ob bei Tesla oder sonst wo. Unser Wille f\u00fcr eine bessere Welt zu k\u00e4mpfen, ist ungebrochen.&nbsp;<\/p>\n\n\n\n<p><\/p>","protected":false},"excerpt":{"rendered":"<p>#TeslaTakeDown vom 29.3. bis 12.4. Disrupt Tesla Dump the Rich Create Future Disrupt Tesla Schluss mit falschen L\u00f6sungen! Elon Musk und andere Superreiche sind die Speerspitzen eines Systems, das die Welt ausbeutet und zerst\u00f6rt.&nbsp;Schon im Mai 2024 haben wir gezeigt, was geht: Mit hunderten Menschen legten wir die Tesla-Gigafactory in Gr\u00fcnheide lahm und blockierten den [&hellip;]<\/p>\n","protected":false},"author":2,"featured_media":0,"parent":0,"menu_order":0,"comment_status":"closed","ping_status":"closed","template":"","meta":{"_themeisle_gutenberg_block_has_review":false,"footnotes":""},"class_list":["post-1216","page","type-page","status-publish","hentry"],"blocksy_meta":{"content_style_source":"inherit","vertical_spacing_source":"inherit","has_hero_section":"disabled","styles_descriptor":{"styles":{"desktop":"","tablet":"","mobile":""},"google_fonts":[],"version":6}},"_links":{"self":[{"href":"https:\/\/disrupt-now.org\/en\/wp-json\/wp\/v2\/pages\/1216","targetHints":{"allow":["GET"]}}],"collection":[{"href":"https:\/\/disrupt-now.org\/en\/wp-json\/wp\/v2\/pages"}],"about":[{"href":"https:\/\/disrupt-now.org\/en\/wp-json\/wp\/v2\/types\/page"}],"author":[{"embeddable":true,"href":"https:\/\/disrupt-now.org\/en\/wp-json\/wp\/v2\/users\/2"}],"replies":[{"embeddable":true,"href":"https:\/\/disrupt-now.org\/en\/wp-json\/wp\/v2\/comments?post=1216"}],"version-history":[{"count":20,"href":"https:\/\/disrupt-now.org\/en\/wp-json\/wp\/v2\/pages\/1216\/revisions"}],"predecessor-version":[{"id":1246,"href":"https:\/\/disrupt-now.org\/en\/wp-json\/wp\/v2\/pages\/1216\/revisions\/1246"}],"wp:attachment":[{"href":"https:\/\/disrupt-now.org\/en\/wp-json\/wp\/v2\/media?parent=1216"}],"curies":[{"name":"wp","href":"https:\/\/api.w.org\/{rel}","templated":true}]}}